{"id":45117,"date":"2025-07-28T16:37:05","date_gmt":"2025-07-28T16:37:05","guid":{"rendered":"https:\/\/proacomunicacion.es\/?page_id=45117"},"modified":"2025-09-12T12:11:28","modified_gmt":"2025-09-12T10:11:28","slug":"data-privacy-and-security-policy","status":"publish","type":"page","link":"https:\/\/proacomunicacion.es\/en\/politica-de-privacidad-de-datos-y-seguridad\/","title":{"rendered":"Data privacy and security policy"},"content":{"rendered":"<p><strong>General Information<\/strong><\/p>\n\n\n\n<p>www.proacomunicacion.es, the \"Website\", is the property of RVCG Consultores de Comunicaci\u00f3n, S.L., domiciled at Calle de Montalb\u00e1n, 3, 2\u00ba izda. 28014 Madrid.<\/p>\n\n\n\n<p>This Privacy Policy is only applicable to the Website, declining any responsibility for the different privacy and personal data protection policies that may be contained in the web pages that may be accessed through the hyperlinks located on this Website and not directly managed by us.<\/p>\n\n\n\n<p>This policy has been drawn up in strict compliance with current legislation on the protection of personal data, that is, among others, Organic Law 15\/1999, of 13 December, on the Protection of Personal Data (the \"LOPD\") and Royal Decree 1720\/2007, of 21 December, which approves the Regulations for the development of the LOPD.<\/p>\n\n\n\n<p><strong>Collection of personal data<\/strong><\/p>\n\n\n\n<p>In accordance with the provisions of the LOPD and its implementing regulations, PROA Comunicaci\u00f3n informs users that the data provided through the Website will be incorporated into an automated file duly registered with the Spanish Data Protection Agency for which PROA Comunicaci\u00f3n is responsible. This data will be processed for the purpose of managing relations with users of the Website. These personal data may also be processed in order to generate user profiles and send them, by electronic, postal and telephone (including SMS alerts, or other similar means of messaging) personalised commercial information that may be of interest to them about products or services related to those offered by PROA Comunicaci\u00f3n as long as they have previously given their consent, as well as participate in satisfaction surveys.<\/p>\n\n\n\n<p>Personal data collected through the Website will not be transferred to any third party, except in specific cases where such transfer is covered by the LOPD and may only be accessed by PROA Comunicaci\u00f3n staff, as well as by those third parties that provide services to PROA Comunicaci\u00f3n related to the above purposes.<\/p>\n\n\n\n<p>Users must notify PROA Comunicaci\u00f3n of any changes that occur in the data provided, responding in any case of the truthfulness and accuracy of the data provided at all times. PROA Comunicaci\u00f3n will try to diligently check the veracity of such data, reserving, where appropriate and without prejudice to other actions that may apply, the right not to register or deregister those users who provide false or incomplete data. This prior verification does not imply in any case the assumption by PROA Comunicaci\u00f3n of any liability for damages that may arise from the falsity or inaccuracy of the data provided, for which only the user will be liable.<\/p>\n\n\n\n<p>PROA Comunicaci\u00f3n guarantees that it has adopted the legally required levels of security for the protection of personal data, and has installed all the technical, personal and organisational means and measures at its disposal to guarantee the confidentiality, integrity and quality of the information, as well as to prevent the loss, misuse, alteration, unauthorised access and theft of the personal data provided.<\/p>\n\n\n\n<p><strong>User rights<\/strong><\/p>\n\n\n\n<p>Users may exercise their rights of access, rectification, cancellation and opposition by means of written communication addressed to: Calle de Montalb\u00e1n, 3, 2\u00ba izda. 28014 Madrid, duly signed, accompanied by a photocopy of the DNI and with the reference \"Protecci\u00f3n de datos personales\", as well as by e-mail: info@proacomunicacion.es.<\/p>\n\n\n\n<p><strong>Use of cookies<\/strong><\/p>\n\n\n\n<p>The Website uses cookies in order to provide certain services and functions and to help users improve their online experience. You can find more information about this in our Cookie Policy section.<\/p>\n\n\n\n<p><strong>Changes to the privacy policy<\/strong><\/p>\n\n\n\n<p>PROA Comunicaci\u00f3n reserves the right to modify this Privacy Policy in accordance with the applicable legislation at any time. Therefore, we recommend that you periodically review this Privacy Policy to be informed of how the personal data you provide to us is treated and protected.<\/p>\n\n\n\n<p><strong>Sending personal data<\/strong><\/p>\n\n\n\n<p>For the purposes of the provisions of Law 15\/1999 of 13 December on the Protection of Personal Data, PROA Comunicaci\u00f3n informs you that the personal data entered by users when registering and participating in this website will be included in a file owned by the company called \"CUSTOMERS AND SUPPLIERS FILE\" whose purpose is to maintain your status as a user, as well as the periodic postal and\/or electronic remission by us of advertising information, to which you expressly consent.<\/p>\n\n\n\n<p>Users may exercise their rights of access, rectification, cancellation and opposition regarding their personal data by sending an e-mail to info@proacomunicacion.es or by post to PROA Comunicaci\u00f3n, Calle de Montalb\u00e1n, 3, 2\u00ba izda. 28014 Madrid. Communications requesting the exercise of rights must be accompanied by a copy of a national identity card or equivalent identification document.<\/p>\n\n\n\n<p><\/p>","protected":false},"excerpt":{"rendered":"<p>Informaci\u00f3n General www.proacomunicacion.es, el \u201cSitio Web\u201d, es propiedad de RVCG Consultores de Comunicaci\u00f3n, S.L., domiciliada en Calle de Montalb\u00e1n, 3, 2\u00ba izda. 28014 Madrid. La presente Pol\u00edtica de Privacidad s\u00f3lo es aplicable al Sitio Web, declinando cualquier responsabilidad sobre las diferentes pol\u00edticas de privacidad y protecci\u00f3n de datos de car\u00e1cter personal que puedan contener las [&hellip;]<\/p>\n","protected":false},"author":26,"featured_media":0,"parent":0,"menu_order":0,"comment_status":"closed","ping_status":"closed","template":"","meta":{"footnotes":""},"class_list":["post-45117","page","type-page","status-publish","hentry"],"yoast_head":"<!-- This site is optimized with the Yoast SEO plugin v27.0 - https:\/\/yoast.com\/product\/yoast-seo-wordpress\/ -->\n<title>Pol\u00edtica de privacidad de datos y seguridad - PROA Comunicaci\u00f3n<\/title>\n<meta name=\"robots\" content=\"index, follow, max-snippet:-1, max-image-preview:large, max-video-preview:-1\" \/>\n<link rel=\"canonical\" href=\"https:\/\/proacomunicacion.es\/en\/data-privacy-and-security-policy\/\" \/>\n<meta property=\"og:locale\" content=\"en_GB\" \/>\n<meta property=\"og:type\" content=\"article\" \/>\n<meta property=\"og:title\" content=\"Pol\u00edtica de privacidad de datos y seguridad - PROA Comunicaci\u00f3n\" \/>\n<meta property=\"og:description\" content=\"Informaci\u00f3n General www.proacomunicacion.es, el \u201cSitio Web\u201d, es propiedad de RVCG Consultores de Comunicaci\u00f3n, S.L., domiciliada en Calle de Montalb\u00e1n, 3, 2\u00ba izda. 28014 Madrid. La presente Pol\u00edtica de Privacidad s\u00f3lo es aplicable al Sitio Web, declinando cualquier responsabilidad sobre las diferentes pol\u00edticas de privacidad y protecci\u00f3n de datos de car\u00e1cter personal que puedan contener las [&hellip;]\" \/>\n<meta property=\"og:url\" content=\"https:\/\/proacomunicacion.es\/en\/data-privacy-and-security-policy\/\" \/>\n<meta property=\"og:site_name\" content=\"PROA Comunicaci\u00f3n\" \/>\n<meta property=\"article:modified_time\" content=\"2025-09-12T10:11:28+00:00\" \/>\n<meta property=\"og:image\" content=\"https:\/\/proacomunicacion.es\/wp-content\/uploads\/2025\/08\/Firefly_radio-de-barco-scaled.jpg\" \/>\n\t<meta property=\"og:image:width\" content=\"2560\" \/>\n\t<meta property=\"og:image:height\" content=\"1414\" \/>\n\t<meta property=\"og:image:type\" content=\"image\/jpeg\" \/>\n<meta name=\"twitter:card\" content=\"summary_large_image\" \/>\n<meta name=\"twitter:site\" content=\"@proacomunica\" \/>\n<meta name=\"twitter:label1\" content=\"Estimated reading time\" \/>\n\t<meta name=\"twitter:data1\" content=\"4 minutes\" \/>\n<script type=\"application\/ld+json\" class=\"yoast-schema-graph\">{\"@context\":\"https:\/\/schema.org\",\"@graph\":[{\"@type\":\"WebPage\",\"@id\":\"https:\/\/proacomunicacion.es\/politica-de-privacidad-de-datos-y-seguridad\/\",\"url\":\"https:\/\/proacomunicacion.es\/politica-de-privacidad-de-datos-y-seguridad\/\",\"name\":\"Pol\u00edtica de privacidad de datos y seguridad - PROA Comunicaci\u00f3n\",\"isPartOf\":{\"@id\":\"https:\/\/proacomunicacion.es\/#website\"},\"datePublished\":\"2025-07-28T16:37:05+00:00\",\"dateModified\":\"2025-09-12T10:11:28+00:00\",\"breadcrumb\":{\"@id\":\"https:\/\/proacomunicacion.es\/politica-de-privacidad-de-datos-y-seguridad\/#breadcrumb\"},\"inLanguage\":\"en-GB\",\"potentialAction\":[{\"@type\":\"ReadAction\",\"target\":[\"https:\/\/proacomunicacion.es\/politica-de-privacidad-de-datos-y-seguridad\/\"]}]},{\"@type\":\"BreadcrumbList\",\"@id\":\"https:\/\/proacomunicacion.es\/politica-de-privacidad-de-datos-y-seguridad\/#breadcrumb\",\"itemListElement\":[{\"@type\":\"ListItem\",\"position\":1,\"name\":\"Portada\",\"item\":\"https:\/\/proacomunicacion.es\/\"},{\"@type\":\"ListItem\",\"position\":2,\"name\":\"Pol\u00edtica de privacidad de datos y seguridad\"}]},{\"@type\":\"WebSite\",\"@id\":\"https:\/\/proacomunicacion.es\/#website\",\"url\":\"https:\/\/proacomunicacion.es\/\",\"name\":\"PROA Comunicaci\u00f3n\",\"description\":\"Agencia de Comunicaci\u00f3n Corporativa en Madrid, Barcelona y Galicia.\",\"publisher\":{\"@id\":\"https:\/\/proacomunicacion.es\/#organization\"},\"alternateName\":\"PROA Comunicaci\u00f3n\",\"potentialAction\":[{\"@type\":\"SearchAction\",\"target\":{\"@type\":\"EntryPoint\",\"urlTemplate\":\"https:\/\/proacomunicacion.es\/?s={search_term_string}\"},\"query-input\":{\"@type\":\"PropertyValueSpecification\",\"valueRequired\":true,\"valueName\":\"search_term_string\"}}],\"inLanguage\":\"en-GB\"},{\"@type\":\"Organization\",\"@id\":\"https:\/\/proacomunicacion.es\/#organization\",\"name\":\"PROA Comunicaci\u00f3n\",\"alternateName\":\"PROA Comunicaci\u00f3n\",\"url\":\"https:\/\/proacomunicacion.es\/\",\"logo\":{\"@type\":\"ImageObject\",\"inLanguage\":\"en-GB\",\"@id\":\"https:\/\/proacomunicacion.es\/#\/schema\/logo\/image\/\",\"url\":\"https:\/\/proacomunicacion.es\/wp-content\/uploads\/2024\/01\/Logo_Light.svg\",\"contentUrl\":\"https:\/\/proacomunicacion.es\/wp-content\/uploads\/2024\/01\/Logo_Light.svg\",\"width\":136,\"height\":33,\"caption\":\"PROA Comunicaci\u00f3n\"},\"image\":{\"@id\":\"https:\/\/proacomunicacion.es\/#\/schema\/logo\/image\/\"},\"sameAs\":[\"https:\/\/x.com\/proacomunica\",\"https:\/\/es.linkedin.com\/company\/proa-comunicacion_2\",\"https:\/\/www.instagram.com\/proacomunica\/\",\"https:\/\/www.youtube.com\/@proacomunicacion\",\"https:\/\/es.wikipedia.org\/wiki\/PROA_Comunicacin\"]}]}<\/script>\n<!-- \/ Yoast SEO plugin. -->","yoast_head_json":{"title":"Data privacy and security policy - PROA Comunicaci\u00f3n","robots":{"index":"index","follow":"follow","max-snippet":"max-snippet:-1","max-image-preview":"max-image-preview:large","max-video-preview":"max-video-preview:-1"},"canonical":"https:\/\/proacomunicacion.es\/en\/data-privacy-and-security-policy\/","og_locale":"en_GB","og_type":"article","og_title":"Pol\u00edtica de privacidad de datos y seguridad - PROA Comunicaci\u00f3n","og_description":"Informaci\u00f3n General www.proacomunicacion.es, el \u201cSitio Web\u201d, es propiedad de RVCG Consultores de Comunicaci\u00f3n, S.L., domiciliada en Calle de Montalb\u00e1n, 3, 2\u00ba izda. 28014 Madrid. La presente Pol\u00edtica de Privacidad s\u00f3lo es aplicable al Sitio Web, declinando cualquier responsabilidad sobre las diferentes pol\u00edticas de privacidad y protecci\u00f3n de datos de car\u00e1cter personal que puedan contener las [&hellip;]","og_url":"https:\/\/proacomunicacion.es\/en\/data-privacy-and-security-policy\/","og_site_name":"PROA Comunicaci\u00f3n","article_modified_time":"2025-09-12T10:11:28+00:00","og_image":[{"width":2560,"height":1414,"url":"https:\/\/proacomunicacion.es\/wp-content\/uploads\/2025\/08\/Firefly_radio-de-barco-scaled.jpg","type":"image\/jpeg"}],"twitter_card":"summary_large_image","twitter_site":"@proacomunica","twitter_misc":{"Estimated reading time":"4 minutes"},"schema":{"@context":"https:\/\/schema.org","@graph":[{"@type":"WebPage","@id":"https:\/\/proacomunicacion.es\/politica-de-privacidad-de-datos-y-seguridad\/","url":"https:\/\/proacomunicacion.es\/politica-de-privacidad-de-datos-y-seguridad\/","name":"Data privacy and security policy - PROA Comunicaci\u00f3n","isPartOf":{"@id":"https:\/\/proacomunicacion.es\/#website"},"datePublished":"2025-07-28T16:37:05+00:00","dateModified":"2025-09-12T10:11:28+00:00","breadcrumb":{"@id":"https:\/\/proacomunicacion.es\/politica-de-privacidad-de-datos-y-seguridad\/#breadcrumb"},"inLanguage":"en-GB","potentialAction":[{"@type":"ReadAction","target":["https:\/\/proacomunicacion.es\/politica-de-privacidad-de-datos-y-seguridad\/"]}]},{"@type":"BreadcrumbList","@id":"https:\/\/proacomunicacion.es\/politica-de-privacidad-de-datos-y-seguridad\/#breadcrumb","itemListElement":[{"@type":"ListItem","position":1,"name":"Portada","item":"https:\/\/proacomunicacion.es\/"},{"@type":"ListItem","position":2,"name":"Pol\u00edtica de privacidad de datos y seguridad"}]},{"@type":"WebSite","@id":"https:\/\/proacomunicacion.es\/#website","url":"https:\/\/proacomunicacion.es\/","name":"PROA Communication","description":"Corporate Communications Agency in Madrid, Barcelona and Galicia.","publisher":{"@id":"https:\/\/proacomunicacion.es\/#organization"},"alternateName":"PROA Comunicaci\u00f3n","potentialAction":[{"@type":"SearchAction","target":{"@type":"EntryPoint","urlTemplate":"https:\/\/proacomunicacion.es\/?s={search_term_string}"},"query-input":{"@type":"PropertyValueSpecification","valueRequired":true,"valueName":"search_term_string"}}],"inLanguage":"en-GB"},{"@type":"Organization","@id":"https:\/\/proacomunicacion.es\/#organization","name":"PROA Communication","alternateName":"PROA Comunicaci\u00f3n","url":"https:\/\/proacomunicacion.es\/","logo":{"@type":"ImageObject","inLanguage":"en-GB","@id":"https:\/\/proacomunicacion.es\/#\/schema\/logo\/image\/","url":"https:\/\/proacomunicacion.es\/wp-content\/uploads\/2024\/01\/Logo_Light.svg","contentUrl":"https:\/\/proacomunicacion.es\/wp-content\/uploads\/2024\/01\/Logo_Light.svg","width":136,"height":33,"caption":"PROA Comunicaci\u00f3n"},"image":{"@id":"https:\/\/proacomunicacion.es\/#\/schema\/logo\/image\/"},"sameAs":["https:\/\/x.com\/proacomunica","https:\/\/es.linkedin.com\/company\/proa-comunicacion_2","https:\/\/www.instagram.com\/proacomunica\/","https:\/\/www.youtube.com\/@proacomunicacion","https:\/\/es.wikipedia.org\/wiki\/PROA_Comunicacin"]}]}},"_links":{"self":[{"href":"https:\/\/proacomunicacion.es\/en\/wp-json\/wp\/v2\/pages\/45117","targetHints":{"allow":["GET"]}}],"collection":[{"href":"https:\/\/proacomunicacion.es\/en\/wp-json\/wp\/v2\/pages"}],"about":[{"href":"https:\/\/proacomunicacion.es\/en\/wp-json\/wp\/v2\/types\/page"}],"author":[{"embeddable":true,"href":"https:\/\/proacomunicacion.es\/en\/wp-json\/wp\/v2\/users\/26"}],"replies":[{"embeddable":true,"href":"https:\/\/proacomunicacion.es\/en\/wp-json\/wp\/v2\/comments?post=45117"}],"version-history":[{"count":4,"href":"https:\/\/proacomunicacion.es\/en\/wp-json\/wp\/v2\/pages\/45117\/revisions"}],"predecessor-version":[{"id":46175,"href":"https:\/\/proacomunicacion.es\/en\/wp-json\/wp\/v2\/pages\/45117\/revisions\/46175"}],"wp:attachment":[{"href":"https:\/\/proacomunicacion.es\/en\/wp-json\/wp\/v2\/media?parent=45117"}],"curies":[{"name":"wp","href":"https:\/\/api.w.org\/{rel}","templated":true}]}}